{"id":3594,"date":"2026-04-07T11:03:05","date_gmt":"2026-04-07T10:03:05","guid":{"rendered":"https:\/\/hercosmetic.store\/product\/vichy-normaderm-phytosolution-gel-nettoyant-intense-200ml\/"},"modified":"2026-04-07T11:03:07","modified_gmt":"2026-04-07T10:03:07","slug":"vichy-normaderm-phytosolution-gel-nettoyant-intense-200ml","status":"publish","type":"product","link":"https:\/\/hercosmetic.store\/ar\/product\/vichy-normaderm-phytosolution-gel-nettoyant-intense-200ml\/","title":{"rendered":"Vichy Normaderm Phytosolution Gel Nettoyant Intense 200mL"},"content":{"rendered":"<h5 style=\"margin-top: 0px;margin-bottom: 1rem;font-family: Roboto, -apple-system, BlinkMacSystemFont,\">Un nettoyant visage purifiant pour les peaux grasses \u00e0 tendance acn\u00e9ique<\/h5>\n<p style=\"margin-top: 0px;margin-bottom: 1rem;font-size: 13px;font-family: Roboto, -apple-system, BlinkMacSystemFont,\">Vous avez la peau grasse \u00e0 tendance acn\u00e9ique&nbsp;? Pour la nettoyer en douceur et \u00e9liminer les impuret\u00e9s qui s\u2019accumulent au quotidien sur votre visage, les&nbsp;<strong style=\"font-weight: 500\">laboratoires Vichy<\/strong>&nbsp;ont d\u00e9velopp\u00e9 le&nbsp;<strong style=\"font-weight: 500\">nettoyant visage Gel Purifiant Intense Vichy Normaderm Phytosolution<\/strong>. Ce gel nettoie d\u00e9licatement la peau et \u00e9limine l\u2019exc\u00e8s de s\u00e9bum<\/p>","protected":false},"excerpt":{"rendered":"<p>Un nettoyant visage purifiant pour les peaux grasses \u00e0 tendance acn\u00e9ique Vous avez la peau grasse \u00e0 tendance acn\u00e9ique&nbsp;? Pour la nettoyer en douceur et \u00e9liminer les impuret\u00e9s qui s\u2019accumulent au quotidien sur votre visage, les&nbsp;laboratoires Vichy&nbsp;ont d\u00e9velopp\u00e9 le&nbsp;nettoyant visage Gel Purifiant Intense Vichy Normaderm Phytosolution. Ce gel nettoie d\u00e9licatement la peau et \u00e9limine l\u2019exc\u00e8s [&hellip;]<\/p>","protected":false},"featured_media":3593,"comment_status":"open","ping_status":"closed","template":"","meta":{"site-sidebar-layout":"default","site-content-layout":"","ast-site-content-layout":"default","site-content-style":"default","site-sidebar-style":"default","ast-global-header-display":"","ast-banner-title-visibility":"","ast-main-header-display":"","ast-hfb-above-header-display":"","ast-hfb-below-header-display":"","ast-hfb-mobile-header-display":"","site-post-title":"","ast-breadcrumbs-content":"","ast-featured-img":"","footer-sml-layout":"","ast-disable-related-posts":"","theme-transparent-header-meta":"","adv-header-id-meta":"","stick-header-meta":"","header-above-stick-meta":"","header-main-stick-meta":"","header-below-stick-meta":"","astra-migrate-meta-layouts":"default","ast-page-background-enabled":"default","ast-page-background-meta":{"desktop":{"background-color":"var(--ast-global-color-4)","background-image":"","background-repeat":"repeat","background-position":"center center","background-size":"auto","background-attachment":"scroll","background-type":"","background-media":"","overlay-type":"","overlay-color":"","overlay-opacity":"","overlay-gradient":""},"tablet":{"background-color":"","background-image":"","background-repeat":"repeat","background-position":"center center","background-size":"auto","background-attachment":"scroll","background-type":"","background-media":"","overlay-type":"","overlay-color":"","overlay-opacity":"","overlay-gradient":""},"mobile":{"background-color":"","background-image":"","background-repeat":"repeat","background-position":"center center","background-size":"auto","background-attachment":"scroll","background-type":"","background-media":"","overlay-type":"","overlay-color":"","overlay-opacity":"","overlay-gradient":""}},"ast-content-background-meta":{"desktop":{"background-color":"var(--ast-global-color-5)","background-image":"","background-repeat":"repeat","background-position":"center center","background-size":"auto","background-attachment":"scroll","background-type":"","background-media":"","overlay-type":"","overlay-color":"","overlay-opacity":"","overlay-gradient":""},"tablet":{"background-color":"var(--ast-global-color-5)","background-image":"","background-repeat":"repeat","background-position":"center center","background-size":"auto","background-attachment":"scroll","background-type":"","background-media":"","overlay-type":"","overlay-color":"","overlay-opacity":"","overlay-gradient":""},"mobile":{"background-color":"var(--ast-global-color-5)","background-image":"","background-repeat":"repeat","background-position":"center center","background-size":"auto","background-attachment":"scroll","background-type":"","background-media":"","overlay-type":"","overlay-color":"","overlay-opacity":"","overlay-gradient":""}}},"product_brand":[],"product_cat":[98],"product_tag":[168],"class_list":{"0":"post-3594","1":"product","2":"type-product","3":"status-publish","4":"has-post-thumbnail","6":"product_cat-skin-bodycare","7":"product_tag-nettoyant-visage-purifiant-pour-les-peaux-grasses-a-tendance-acneique","8":"desktop-align-left","9":"tablet-align-left","10":"mobile-align-left","12":"first","13":"instock","14":"shipping-taxable","15":"purchasable","16":"product-type-simple"},"_links":{"self":[{"href":"https:\/\/hercosmetic.store\/ar\/wp-json\/wp\/v2\/product\/3594","targetHints":{"allow":["GET"]}}],"collection":[{"href":"https:\/\/hercosmetic.store\/ar\/wp-json\/wp\/v2\/product"}],"about":[{"href":"https:\/\/hercosmetic.store\/ar\/wp-json\/wp\/v2\/types\/product"}],"replies":[{"embeddable":true,"href":"https:\/\/hercosmetic.store\/ar\/wp-json\/wp\/v2\/comments?post=3594"}],"wp:featuredmedia":[{"embeddable":true,"href":"https:\/\/hercosmetic.store\/ar\/wp-json\/wp\/v2\/media\/3593"}],"wp:attachment":[{"href":"https:\/\/hercosmetic.store\/ar\/wp-json\/wp\/v2\/media?parent=3594"}],"wp:term":[{"taxonomy":"product_brand","embeddable":true,"href":"https:\/\/hercosmetic.store\/ar\/wp-json\/wp\/v2\/product_brand?post=3594"},{"taxonomy":"product_cat","embeddable":true,"href":"https:\/\/hercosmetic.store\/ar\/wp-json\/wp\/v2\/product_cat?post=3594"},{"taxonomy":"product_tag","embeddable":true,"href":"https:\/\/hercosmetic.store\/ar\/wp-json\/wp\/v2\/product_tag?post=3594"}],"curies":[{"name":"wp","href":"https:\/\/api.w.org\/{rel}","templated":true}]}}